{"id":785,"date":"2022-06-09T16:32:01","date_gmt":"2022-06-09T16:32:01","guid":{"rendered":"https:\/\/startersites.io\/elementor\/persona\/?page_id=785"},"modified":"2026-03-12T15:49:01","modified_gmt":"2026-03-12T19:49:01","slug":"nous-contacter","status":"publish","type":"page","link":"https:\/\/abcorp.com\/fr\/nous-contacter\/","title":{"rendered":"Contact"},"content":{"rendered":"\t\t<div data-elementor-type=\"wp-page\" data-elementor-id=\"785\" class=\"elementor elementor-785\" data-elementor-post-type=\"page\">\n\t\t\t\t<div class=\"elementor-element elementor-element-d22f422 e-flex e-con-boxed e-con e-parent\" data-id=\"d22f422\" data-element_type=\"container\" data-e-type=\"container\" data-settings=\"{&quot;background_background&quot;:&quot;classic&quot;}\">\n\t\t\t\t\t<div class=\"e-con-inner\">\n\t\t<div class=\"elementor-element elementor-element-72fcc9d e-con-full e-flex e-con e-child\" data-id=\"72fcc9d\" data-element_type=\"container\" data-e-type=\"container\">\n\t\t\t\t<div class=\"elementor-element elementor-element-4fab81b elementor-invisible elementor-widget elementor-widget-heading\" data-id=\"4fab81b\" data-element_type=\"widget\" data-e-type=\"widget\" data-settings=\"{&quot;_animation&quot;:&quot;fadeIn&quot;,&quot;_animation_delay&quot;:300}\" data-widget_type=\"heading.default\">\n\t\t\t\t<div class=\"elementor-widget-container\">\n\t\t\t\t\t<h2 class=\"elementor-heading-title elementor-size-default\">Contact Us Today<\/h2>\t\t\t\t<\/div>\n\t\t\t\t<\/div>\n\t\t\t\t<div class=\"elementor-element elementor-element-24fff31 elementor-invisible elementor-widget elementor-widget-text-editor\" data-id=\"24fff31\" data-element_type=\"widget\" data-e-type=\"widget\" data-settings=\"{&quot;_animation&quot;:&quot;fadeIn&quot;,&quot;_animation_delay&quot;:500}\" data-widget_type=\"text-editor.default\">\n\t\t\t\t<div class=\"elementor-widget-container\">\n\t\t\t\t\t\t\t\t\t<p>We&#8217;re here to help your organization. Fill out the form and one of our experts will be in touch.<\/p>\t\t\t\t\t\t\t\t<\/div>\n\t\t\t\t<\/div>\n\t\t\t\t<\/div>\n\t\t<div class=\"elementor-element elementor-element-1b45dee e-con-full e-flex e-con e-child\" data-id=\"1b45dee\" data-element_type=\"container\" data-e-type=\"container\" data-settings=\"{&quot;background_background&quot;:&quot;classic&quot;}\">\n\t\t<div class=\"elementor-element elementor-element-54e7e3d e-con-full e-flex elementor-invisible e-con e-child\" data-id=\"54e7e3d\" data-element_type=\"container\" data-e-type=\"container\" data-settings=\"{&quot;background_background&quot;:&quot;classic&quot;,&quot;animation&quot;:&quot;fadeIn&quot;,&quot;animation_delay&quot;:400}\">\n\t\t<div class=\"elementor-element elementor-element-f04989f e-con-full e-flex elementor-invisible e-con e-child\" data-id=\"f04989f\" data-element_type=\"container\" data-e-type=\"container\" data-settings=\"{&quot;background_background&quot;:&quot;classic&quot;,&quot;animation&quot;:&quot;fadeIn&quot;,&quot;animation_delay&quot;:400}\">\n\t\t\t\t<div class=\"elementor-element elementor-element-d6b40eb elementor-widget elementor-widget-html\" data-id=\"d6b40eb\" data-element_type=\"widget\" data-e-type=\"widget\" data-widget_type=\"html.default\">\n\t\t\t\t<div class=\"elementor-widget-container\">\n\t\t\t\t\t<div id=\"zf_div_FL6h6ZfB0CdVJXJo81CZFIGjih26Ir7e2SY_ql5O6JE\">\n<\/div>\n<script type=\"text\/javascript\">\n(function() {\n\ttry{\n\t\tvar f = document.createElement(\"iframe\");\n\t\t\n\t\t\tvar ifrmSrc = 'https:\/\/forms.zohopublic.com\/abcorp1\/form\/Test\/formperma\/FL6h6ZfB0CdVJXJo81CZFIGjih26Ir7e2SY_ql5O6JE?zf_rszfm=1';\n\t\t\n\t\t\n        try{\n\t\t\tif ( typeof ZFAdvLead != \"undefined\" && typeof zfutm_zfAdvLead != \"undefined\" ) {\n\t\t\t\tfor( var prmIdx = 0 ; prmIdx < ZFAdvLead.utmPNameArr.length ; prmIdx ++ ) {\n\t\t\t\t    var utmPm = ZFAdvLead.utmPNameArr[ prmIdx ];\n\t\t\t\t    utmPm = ( ZFAdvLead.isSameDomian && ( ZFAdvLead.utmcustPNameArr.indexOf(utmPm) == -1 ) ) ? \"zf_\" + utmPm : utmPm;\n\t\t\t\t    var utmVal = zfutm_zfAdvLead.zfautm_gC_enc( ZFAdvLead.utmPNameArr[ prmIdx ] );\n\t\t\t\t    if ( typeof utmVal !== \"undefined\" ) {\n\t\t\t\t      if ( utmVal != \"\" ) {\n\t\t\t\t        if(ifrmSrc.indexOf('?') > 0){\n\t\t\t\t             ifrmSrc = ifrmSrc+'&'+utmPm+'='+utmVal;\n\t\t\t\t        }else{\n\t\t\t\t            ifrmSrc = ifrmSrc+'?'+utmPm+'='+utmVal;\n\t\t\t\t        }\n\t\t\t\t      }\n\t\t\t\t    }\n\t\t\t\t}\n\t\t\t}\n\t\t\tif ( typeof ZFLead !== \"undefined\" && typeof zfutm_zfLead !== \"undefined\" ) {\n\t\t\t\tfor( var prmIdx = 0 ; prmIdx < ZFLead.utmPNameArr.length ; prmIdx ++ ) {\n\t\t        \tvar utmPm = ZFLead.utmPNameArr[ prmIdx ];\n\t\t        \tvar utmVal = zfutm_zfLead.zfutm_gC_enc( ZFLead.utmPNameArr[ prmIdx ] );\n\t\t\t        if ( typeof utmVal !== \"undefined\" ) {\n\t\t\t          if ( utmVal != \"\" ){\n\t\t\t            if(ifrmSrc.indexOf('?') > 0){\n\t\t\t              ifrmSrc = ifrmSrc+'&'+utmPm+'='+utmVal;\/\/No I18N\n\t\t\t            }else{\n\t\t\t              ifrmSrc = ifrmSrc+'?'+utmPm+'='+utmVal;\/\/No I18N\n\t\t\t            }\n\t\t\t          }\n\t\t\t        }\n\t\t      \t}\n\t\t\t}\n\t\t}catch(e){}\n\t\t\n\t\tf.src = ifrmSrc;\n\t\tf.style.border=\"none\";\n\t\tf.style.height=\"995px\";\n\t\tf.style.width=\"90%\";\n\t\tf.style.transition=\"all 0.5s ease\";\n\t\tf.setAttribute(\"aria-label\", 'ABCorp Contact Us Form');\n\t\t\n\t\tvar d = document.getElementById(\"zf_div_FL6h6ZfB0CdVJXJo81CZFIGjih26Ir7e2SY_ql5O6JE\");\n\t\td.appendChild(f);\n\t\twindow.addEventListener('message', function (){\n\t\t\tvar evntData = event.data;\n\t\t\tif( evntData && evntData.constructor == String ){\n\t\t\t\tvar zf_ifrm_data = evntData.split(\"|\");\n\t\t\t\tif ( zf_ifrm_data.length == 2 || zf_ifrm_data.length == 3 ) {\n\t\t\t\t\tvar zf_perma = zf_ifrm_data[0];\n\t\t\t\t\tvar zf_ifrm_ht_nw = ( parseInt(zf_ifrm_data[1], 10) + 15 ) + \"px\";\n\t\t\t\t\tvar iframe = document.getElementById(\"zf_div_FL6h6ZfB0CdVJXJo81CZFIGjih26Ir7e2SY_ql5O6JE\").getElementsByTagName(\"iframe\")[0];\n\t\t\t\t\tif ( (iframe.src).indexOf('formperma') > 0 && (iframe.src).indexOf(zf_perma) > 0 ) {\n\t\t\t\t\t\tvar prevIframeHeight = iframe.style.height;\n\t\t\t\t\t\tvar zf_tout = false;\n\t\t\t\t\t\tif( zf_ifrm_data.length == 3 ) {\n\t\t\t\t\t\t    iframe.scrollIntoView();\n\t\t\t\t\t\t    zf_tout = true;\n\t\t\t\t\t\t}\n\n\t\t\t\t\t\tif ( prevIframeHeight != zf_ifrm_ht_nw ) {\n\t\t\t\t\t\t\tif( zf_tout ) {\n\t\t\t\t\t\t\t    setTimeout(function(){\n\t\t\t\t\t\t\t        iframe.style.height = zf_ifrm_ht_nw;\n\t\t\t\t\t\t\t    },500);\n\t\t\t\t\t\t\t} else {\n\t\t\t\t\t\t\t    iframe.style.height = zf_ifrm_ht_nw;\n\t\t\t\t\t\t\t}\n\t\t\t\t\t\t}\n\t\t\t\t\t}\n\t\t\t\t}\n\t\t\t}\n\t\t}, false);\n    }catch(e){}\n})();\n<\/script>\t\t\n\n\n\n\n\t\t\t\t<\/div>\n\t\t\t\t<\/div>\n\t\t\t\t<\/div>\n\t\t\t\t<\/div>\n\t\t\t\t<\/div>\n\t\t\t\t\t<\/div>\n\t\t\t\t<\/div>\n\t\t<div class=\"elementor-element elementor-element-b23e707 e-flex e-con-boxed e-con e-parent\" data-id=\"b23e707\" data-element_type=\"container\" data-e-type=\"container\" data-settings=\"{&quot;background_background&quot;:&quot;gradient&quot;}\">\n\t\t\t\t\t<div class=\"e-con-inner\">\n\t\t<div class=\"elementor-element elementor-element-4e45ded e-con-full e-flex elementor-invisible e-con e-child\" data-id=\"4e45ded\" data-element_type=\"container\" data-e-type=\"container\" data-settings=\"{&quot;background_background&quot;:&quot;classic&quot;,&quot;animation&quot;:&quot;fadeIn&quot;,&quot;animation_delay&quot;:300}\">\n\t\t\t\t<div class=\"elementor-element elementor-element-54a2731 elementor-invisible elementor-widget elementor-widget-text-editor\" data-id=\"54a2731\" data-element_type=\"widget\" data-e-type=\"widget\" data-settings=\"{&quot;_animation&quot;:&quot;fadeIn&quot;,&quot;_animation_delay&quot;:300}\" data-widget_type=\"text-editor.default\">\n\t\t\t\t<div class=\"elementor-widget-container\">\n\t\t\t\t\t\t\t\t\t<p>Where to find us:<\/p>\t\t\t\t\t\t\t\t<\/div>\n\t\t\t\t<\/div>\n\t\t<div class=\"elementor-element elementor-element-b661f95 e-con-full e-flex e-con e-child\" data-id=\"b661f95\" data-element_type=\"container\" data-e-type=\"container\" data-settings=\"{&quot;background_background&quot;:&quot;classic&quot;}\">\n\t\t<div class=\"elementor-element elementor-element-8d67a6d e-con-full e-flex e-con e-child\" data-id=\"8d67a6d\" data-element_type=\"container\" data-e-type=\"container\">\n\t\t<div class=\"elementor-element elementor-element-90877b5 e-con-full e-flex e-con e-child\" data-id=\"90877b5\" data-element_type=\"container\" data-e-type=\"container\" data-settings=\"{&quot;background_background&quot;:&quot;classic&quot;}\">\n\t\t\t\t<div class=\"elementor-element elementor-element-d977a73 elementor-widget elementor-widget-heading\" data-id=\"d977a73\" data-element_type=\"widget\" data-e-type=\"widget\" data-widget_type=\"heading.default\">\n\t\t\t\t<div class=\"elementor-widget-container\">\n\t\t\t\t\t<h3 class=\"elementor-heading-title elementor-size-default\">North America<\/h3>\t\t\t\t<\/div>\n\t\t\t\t<\/div>\n\t\t\t\t<div class=\"elementor-element elementor-element-568cfa2 elementor-widget elementor-widget-text-editor\" data-id=\"568cfa2\" data-element_type=\"widget\" data-e-type=\"widget\" data-widget_type=\"text-editor.default\">\n\t\t\t\t<div class=\"elementor-widget-container\">\n\t\t\t\t\t\t\t\t\t<p>225 Rivermoor Street<br \/>Boston, MA 02132<br \/>United States<br \/>+1.617.325.9600\u200b<\/p>\t\t\t\t\t\t\t\t<\/div>\n\t\t\t\t<\/div>\n\t\t\t\t<\/div>\n\t\t<div class=\"elementor-element elementor-element-c5a1038 e-con-full e-flex e-con e-child\" data-id=\"c5a1038\" data-element_type=\"container\" data-e-type=\"container\" data-settings=\"{&quot;background_background&quot;:&quot;classic&quot;}\">\n\t\t\t\t<div class=\"elementor-element elementor-element-6152d10 elementor-widget elementor-widget-heading\" data-id=\"6152d10\" data-element_type=\"widget\" data-e-type=\"widget\" data-widget_type=\"heading.default\">\n\t\t\t\t<div class=\"elementor-widget-container\">\n\t\t\t\t\t<h3 class=\"elementor-heading-title elementor-size-default\">Asia-Pacific<\/h3>\t\t\t\t<\/div>\n\t\t\t\t<\/div>\n\t\t\t\t<div class=\"elementor-element elementor-element-d18061e elementor-widget elementor-widget-text-editor\" data-id=\"d18061e\" data-element_type=\"widget\" data-e-type=\"widget\" data-widget_type=\"text-editor.default\">\n\t\t\t\t<div class=\"elementor-widget-container\">\n\t\t\t\t\t\t\t\t\t<p>1 Dunlopillo Drive\u200b<br \/>Melbourne VIC 3175\u200b<br \/>Australia\u200b<br \/>+61.3.9556.9111\u200b<\/p>\t\t\t\t\t\t\t\t<\/div>\n\t\t\t\t<\/div>\n\t\t\t\t<\/div>\n\t\t\t\t<\/div>\n\t\t\t\t<\/div>\n\t\t\t\t<\/div>\n\t\t\t\t\t<\/div>\n\t\t\t\t<\/div>\n\t\t\t\t<\/div>\n\t\t","protected":false},"excerpt":{"rendered":"<p>Contactez-nous d\u00e8s aujourd'hui Nous sommes l\u00e0 pour aider votre organisation. Remplissez le formulaire et l'un de nos experts vous contactera. O\u00f9 nous trouver : Am\u00e9rique du Nord 225 Rivermoor StreetBoston, MA 02132\u00c9tats-Unis+1.617.325.9600 Asie-Pacifique 1 Dunlopillo DriveMelbourne VIC 3175Australie+61.3.9556.9111<\/p>","protected":false},"author":1,"featured_media":6862,"parent":0,"menu_order":0,"comment_status":"closed","ping_status":"closed","template":"","meta":{"_acf_changed":false,"content-type":"","footnotes":""},"class_list":["post-785","page","type-page","status-publish","has-post-thumbnail","hentry"],"blocksy_meta":{"styles_descriptor":{"styles":{"desktop":"","tablet":"","mobile":""},"google_fonts":[],"version":6}},"acf":[],"yoast_head":"<!-- This site is optimized with the Yoast SEO Premium plugin v26.9 (Yoast SEO v27.3) - https:\/\/yoast.com\/product\/yoast-seo-premium-wordpress\/ -->\n<title>Contact - ABCorp<\/title>\n<meta name=\"description\" content=\"Get in touch with ABCorp\u2019s experts today\u2014select your region and complete the form to explore secure solutions for your organization.\" \/>\n<meta name=\"robots\" content=\"index, follow, max-snippet:-1, max-image-preview:large, max-video-preview:-1\" \/>\n<link rel=\"canonical\" href=\"https:\/\/abcorp.com\/fr\/nous-contacter\/\" \/>\n<meta property=\"og:locale\" content=\"fr_CA\" \/>\n<meta property=\"og:type\" content=\"article\" \/>\n<meta property=\"og:title\" content=\"Contact\" \/>\n<meta property=\"og:description\" content=\"Get in touch with ABCorp\u2019s experts today\u2014select your region and complete the form to explore secure solutions for your organization.\" \/>\n<meta property=\"og:url\" content=\"https:\/\/abcorp.com\/fr\/nous-contacter\/\" \/>\n<meta property=\"og:site_name\" content=\"ABCorp\" \/>\n<meta property=\"article:modified_time\" content=\"2026-03-12T19:49:01+00:00\" \/>\n<meta property=\"og:image\" content=\"https:\/\/abcorp.com\/wp-content\/uploads\/2025\/02\/abcorp-share-v01.jpg\" \/>\n\t<meta property=\"og:image:width\" content=\"1200\" \/>\n\t<meta property=\"og:image:height\" content=\"1200\" \/>\n\t<meta property=\"og:image:type\" content=\"image\/jpeg\" \/>\n<meta name=\"twitter:card\" content=\"summary_large_image\" \/>\n<meta name=\"twitter:label1\" content=\"Estimation du temps de lecture\" \/>\n\t<meta name=\"twitter:data1\" content=\"1 minute\" \/>\n<script type=\"application\/ld+json\" class=\"yoast-schema-graph\">{\"@context\":\"https:\\\/\\\/schema.org\",\"@graph\":[{\"@type\":\"WebPage\",\"@id\":\"https:\\\/\\\/abcorp.com\\\/contact-us\\\/\",\"url\":\"https:\\\/\\\/abcorp.com\\\/contact-us\\\/\",\"name\":\"Contact - ABCorp\",\"isPartOf\":{\"@id\":\"https:\\\/\\\/abcorp.com\\\/#website\"},\"primaryImageOfPage\":{\"@id\":\"https:\\\/\\\/abcorp.com\\\/contact-us\\\/#primaryimage\"},\"image\":{\"@id\":\"https:\\\/\\\/abcorp.com\\\/contact-us\\\/#primaryimage\"},\"thumbnailUrl\":\"https:\\\/\\\/abcorp.com\\\/wp-content\\\/uploads\\\/2025\\\/02\\\/abcorp-share-v01.jpg\",\"datePublished\":\"2022-06-09T16:32:01+00:00\",\"dateModified\":\"2026-03-12T19:49:01+00:00\",\"description\":\"Get in touch with ABCorp\u2019s experts today\u2014select your region and complete the form to explore secure solutions for your organization.\",\"breadcrumb\":{\"@id\":\"https:\\\/\\\/abcorp.com\\\/contact-us\\\/#breadcrumb\"},\"inLanguage\":\"fr-CA\",\"potentialAction\":[{\"@type\":\"ReadAction\",\"target\":[\"https:\\\/\\\/abcorp.com\\\/contact-us\\\/\"]}]},{\"@type\":\"ImageObject\",\"inLanguage\":\"fr-CA\",\"@id\":\"https:\\\/\\\/abcorp.com\\\/contact-us\\\/#primaryimage\",\"url\":\"https:\\\/\\\/abcorp.com\\\/wp-content\\\/uploads\\\/2025\\\/02\\\/abcorp-share-v01.jpg\",\"contentUrl\":\"https:\\\/\\\/abcorp.com\\\/wp-content\\\/uploads\\\/2025\\\/02\\\/abcorp-share-v01.jpg\",\"width\":1200,\"height\":1200},{\"@type\":\"BreadcrumbList\",\"@id\":\"https:\\\/\\\/abcorp.com\\\/contact-us\\\/#breadcrumb\",\"itemListElement\":[{\"@type\":\"ListItem\",\"position\":1,\"name\":\"Home\",\"item\":\"https:\\\/\\\/abcorp.com\\\/\"},{\"@type\":\"ListItem\",\"position\":2,\"name\":\"Contact\"}]},{\"@type\":\"WebSite\",\"@id\":\"https:\\\/\\\/abcorp.com\\\/#website\",\"url\":\"https:\\\/\\\/abcorp.com\\\/\",\"name\":\"ABCorp\",\"description\":\"Secure since 1795\",\"publisher\":{\"@id\":\"https:\\\/\\\/abcorp.com\\\/#organization\"},\"potentialAction\":[{\"@type\":\"SearchAction\",\"target\":{\"@type\":\"EntryPoint\",\"urlTemplate\":\"https:\\\/\\\/abcorp.com\\\/?s={search_term_string}\"},\"query-input\":{\"@type\":\"PropertyValueSpecification\",\"valueRequired\":true,\"valueName\":\"search_term_string\"}}],\"inLanguage\":\"fr-CA\"},{\"@type\":\"Organization\",\"@id\":\"https:\\\/\\\/abcorp.com\\\/#organization\",\"name\":\"ABCorp\",\"url\":\"https:\\\/\\\/abcorp.com\\\/\",\"logo\":{\"@type\":\"ImageObject\",\"inLanguage\":\"fr-CA\",\"@id\":\"https:\\\/\\\/abcorp.com\\\/#\\\/schema\\\/logo\\\/image\\\/\",\"url\":\"https:\\\/\\\/abcorp.com\\\/wp-content\\\/uploads\\\/2025\\\/01\\\/abcorp-logo-1.png\",\"contentUrl\":\"https:\\\/\\\/abcorp.com\\\/wp-content\\\/uploads\\\/2025\\\/01\\\/abcorp-logo-1.png\",\"width\":1181,\"height\":384,\"caption\":\"ABCorp\"},\"image\":{\"@id\":\"https:\\\/\\\/abcorp.com\\\/#\\\/schema\\\/logo\\\/image\\\/\"}}]}<\/script>\n<!-- \/ Yoast SEO Premium plugin. -->","yoast_head_json":{"title":"Contact - ABCorp","description":"Prenez contact avec les experts d'ABCorp d\u00e8s aujourd'hui - s\u00e9lectionnez votre r\u00e9gion et remplissez le formulaire pour explorer les solutions s\u00e9curis\u00e9es pour votre organisation.","robots":{"index":"index","follow":"follow","max-snippet":"max-snippet:-1","max-image-preview":"max-image-preview:large","max-video-preview":"max-video-preview:-1"},"canonical":"https:\/\/abcorp.com\/fr\/nous-contacter\/","og_locale":"fr_CA","og_type":"article","og_title":"Contact","og_description":"Get in touch with ABCorp\u2019s experts today\u2014select your region and complete the form to explore secure solutions for your organization.","og_url":"https:\/\/abcorp.com\/fr\/nous-contacter\/","og_site_name":"ABCorp","article_modified_time":"2026-03-12T19:49:01+00:00","og_image":[{"width":1200,"height":1200,"url":"https:\/\/abcorp.com\/wp-content\/uploads\/2025\/02\/abcorp-share-v01.jpg","type":"image\/jpeg"}],"twitter_card":"summary_large_image","twitter_misc":{"Estimation du temps de lecture":"1 minute"},"schema":{"@context":"https:\/\/schema.org","@graph":[{"@type":"WebPage","@id":"https:\/\/abcorp.com\/contact-us\/","url":"https:\/\/abcorp.com\/contact-us\/","name":"Contact - ABCorp","isPartOf":{"@id":"https:\/\/abcorp.com\/#website"},"primaryImageOfPage":{"@id":"https:\/\/abcorp.com\/contact-us\/#primaryimage"},"image":{"@id":"https:\/\/abcorp.com\/contact-us\/#primaryimage"},"thumbnailUrl":"https:\/\/abcorp.com\/wp-content\/uploads\/2025\/02\/abcorp-share-v01.jpg","datePublished":"2022-06-09T16:32:01+00:00","dateModified":"2026-03-12T19:49:01+00:00","description":"Prenez contact avec les experts d'ABCorp d\u00e8s aujourd'hui - s\u00e9lectionnez votre r\u00e9gion et remplissez le formulaire pour explorer les solutions s\u00e9curis\u00e9es pour votre organisation.","breadcrumb":{"@id":"https:\/\/abcorp.com\/contact-us\/#breadcrumb"},"inLanguage":"fr-CA","potentialAction":[{"@type":"ReadAction","target":["https:\/\/abcorp.com\/contact-us\/"]}]},{"@type":"ImageObject","inLanguage":"fr-CA","@id":"https:\/\/abcorp.com\/contact-us\/#primaryimage","url":"https:\/\/abcorp.com\/wp-content\/uploads\/2025\/02\/abcorp-share-v01.jpg","contentUrl":"https:\/\/abcorp.com\/wp-content\/uploads\/2025\/02\/abcorp-share-v01.jpg","width":1200,"height":1200},{"@type":"BreadcrumbList","@id":"https:\/\/abcorp.com\/contact-us\/#breadcrumb","itemListElement":[{"@type":"ListItem","position":1,"name":"Home","item":"https:\/\/abcorp.com\/"},{"@type":"ListItem","position":2,"name":"Contact"}]},{"@type":"WebSite","@id":"https:\/\/abcorp.com\/#website","url":"https:\/\/abcorp.com\/","name":"ABCorp","description":"S\u00e9curit\u00e9 depuis 1795","publisher":{"@id":"https:\/\/abcorp.com\/#organization"},"potentialAction":[{"@type":"SearchAction","target":{"@type":"EntryPoint","urlTemplate":"https:\/\/abcorp.com\/?s={search_term_string}"},"query-input":{"@type":"PropertyValueSpecification","valueRequired":true,"valueName":"search_term_string"}}],"inLanguage":"fr-CA"},{"@type":"Organization","@id":"https:\/\/abcorp.com\/#organization","name":"ABCorp","url":"https:\/\/abcorp.com\/","logo":{"@type":"ImageObject","inLanguage":"fr-CA","@id":"https:\/\/abcorp.com\/#\/schema\/logo\/image\/","url":"https:\/\/abcorp.com\/wp-content\/uploads\/2025\/01\/abcorp-logo-1.png","contentUrl":"https:\/\/abcorp.com\/wp-content\/uploads\/2025\/01\/abcorp-logo-1.png","width":1181,"height":384,"caption":"ABCorp"},"image":{"@id":"https:\/\/abcorp.com\/#\/schema\/logo\/image\/"}}]}},"_links":{"self":[{"href":"https:\/\/abcorp.com\/fr\/wp-json\/wp\/v2\/pages\/785","targetHints":{"allow":["GET"]}}],"collection":[{"href":"https:\/\/abcorp.com\/fr\/wp-json\/wp\/v2\/pages"}],"about":[{"href":"https:\/\/abcorp.com\/fr\/wp-json\/wp\/v2\/types\/page"}],"author":[{"embeddable":true,"href":"https:\/\/abcorp.com\/fr\/wp-json\/wp\/v2\/users\/1"}],"replies":[{"embeddable":true,"href":"https:\/\/abcorp.com\/fr\/wp-json\/wp\/v2\/comments?post=785"}],"version-history":[{"count":176,"href":"https:\/\/abcorp.com\/fr\/wp-json\/wp\/v2\/pages\/785\/revisions"}],"predecessor-version":[{"id":9270,"href":"https:\/\/abcorp.com\/fr\/wp-json\/wp\/v2\/pages\/785\/revisions\/9270"}],"wp:featuredmedia":[{"embeddable":true,"href":"https:\/\/abcorp.com\/fr\/wp-json\/wp\/v2\/media\/6862"}],"wp:attachment":[{"href":"https:\/\/abcorp.com\/fr\/wp-json\/wp\/v2\/media?parent=785"}],"curies":[{"name":"wp","href":"https:\/\/api.w.org\/{rel}","templated":true}]}}